{"id":10,"date":"2020-09-16T08:13:29","date_gmt":"2020-09-16T11:13:29","guid":{"rendered":"https:\/\/www.ucs.br\/ips2\/?page_id=10"},"modified":"2025-06-02T09:23:27","modified_gmt":"2025-06-02T12:23:27","slug":"apresentacao","status":"publish","type":"page","link":"https:\/\/www.ucs.br\/ips\/?page_id=10","title":{"rendered":"Apresenta\u00e7\u00e3o"},"content":{"rendered":"<div class=\"wp-block-image is-style-default\">\n<figure class=\"aligncenter size-large\"><img data-recalc-dims=\"1\" fetchpriority=\"high\" decoding=\"async\" width=\"843\" height=\"562\" src=\"https:\/\/i0.wp.com\/www.ucs.br\/ips\/wp-content\/uploads\/2024\/04\/apresentacao_01.jpg?resize=843%2C562&#038;ssl=1\" alt=\"\" class=\"wp-image-1479\" srcset=\"https:\/\/i0.wp.com\/www.ucs.br\/ips\/wp-content\/uploads\/2024\/04\/apresentacao_01.jpg?resize=1024%2C683&amp;ssl=1 1024w, https:\/\/i0.wp.com\/www.ucs.br\/ips\/wp-content\/uploads\/2024\/04\/apresentacao_01.jpg?resize=300%2C200&amp;ssl=1 300w, https:\/\/i0.wp.com\/www.ucs.br\/ips\/wp-content\/uploads\/2024\/04\/apresentacao_01.jpg?resize=768%2C512&amp;ssl=1 768w, https:\/\/i0.wp.com\/www.ucs.br\/ips\/wp-content\/uploads\/2024\/04\/apresentacao_01.jpg?resize=1536%2C1025&amp;ssl=1 1536w, https:\/\/i0.wp.com\/www.ucs.br\/ips\/wp-content\/uploads\/2024\/04\/apresentacao_01.jpg?w=1920&amp;ssl=1 1920w, https:\/\/i0.wp.com\/www.ucs.br\/ips\/wp-content\/uploads\/2024\/04\/apresentacao_01.jpg?w=1686&amp;ssl=1 1686w\" sizes=\"(max-width: 843px) 100vw, 843px\" \/><\/figure>\n<\/div>\n\n\n<div style=\"height:25px\" aria-hidden=\"true\" class=\"wp-block-spacer\"><\/div>\n\n\n\n<p>O Instituto de Pesquisas em Sa\u00fade (IPS) foi criado a partir da uni\u00e3o do Laborat\u00f3rio de Pesquisa em HIV\/AIDS (LPHA) e do Instituto de Pesquisas Cl\u00ednicas para Estudos Multic\u00eantricos (IPCEM), conforme Resolu\u00e7\u00e3o N\u00b0 03\/2019 do Conselho Universit\u00e1rio da Universidade de Caxias do Sul, com o objetivo de desenvolver e conduzir estudos cl\u00ednicos em todos os segmentos e especialidades voltados para sa\u00fade humana.<\/p>\n\n\n\n<p>Dentre as linhas de atua\u00e7\u00e3o, cabe\ndestacar:<\/p>\n\n\n\n<ul class=\"wp-block-list\" id=\"block-2458b276-3565-4b3a-acac-a3f0b1239c3d\">\n<li>Desenvolvimento e condu\u00e7\u00e3o de pesquisas cl\u00ednicas (fase I, II, III e IV) em parceria com a ind\u00fastria farmac\u00eautica e organiza\u00e7\u00f5es representativas de Pesquisa Cl\u00ednica (ORPC);<\/li>\n\n\n\n<li>Elabora\u00e7\u00e3o e condu\u00e7\u00e3o de pesquisas nas \u00e1reas laboratorial, epidemiol\u00f3gica e comportamental por meio de parcerias com universidades, institui\u00e7\u00f5es governamentais, empresas privadas e ag\u00eancias de fomento nacionais e internacionais;<\/li>\n\n\n\n<li>Fornecimento de suporte laboratorial para as atividades de pesquisa desenvolvidas;<\/li>\n\n\n\n<li>Desenvolvimento de instrumentos para a coleta, armazenamento, an\u00e1lise de dados e intelig\u00eancia artificial;<\/li>\n\n\n\n<li>Treinamento, capacita\u00e7\u00e3o e contribui\u00e7\u00e3o para a forma\u00e7\u00e3o de alunos de gradua\u00e7\u00e3o, p\u00f3s-gradua\u00e7\u00e3o e profissionais da \u00e1rea da sa\u00fade no desenvolvimento e condu\u00e7\u00e3o de atividades de pesquisa.<\/li>\n<\/ul>\n\n\n\n<p>O Instituto de Pesquisas em Sa\u00fade \u00e9 membro da <a title=\"Link para p\u00e1gina da web da Rede Brasileira de Avalia\u00e7\u00e3o de Tecnologias em Sa\u00fade (REBRATS)\" rel=\"noopener noreferrer\" href=\"http:\/\/rebrats.saude.gov.br\/\" target=\"_blank\">Rede Brasileira de&nbsp;Avalia\u00e7\u00e3o de Tecnologias em Sa\u00fade<\/a> (REBRATS).<\/p>\n","protected":false},"excerpt":{"rendered":"<p>O Instituto de Pesquisas em Sa\u00fade (IPS) foi criado a partir da uni\u00e3o do Laborat\u00f3rio de Pesquisa em HIV\/AIDS (LPHA) e do Instituto de Pesquisas&hellip;<\/p>\n","protected":false},"author":1,"featured_media":0,"parent":0,"menu_order":0,"comment_status":"closed","ping_status":"closed","template":"","meta":{"advanced_seo_description":"","jetpack_seo_html_title":"","jetpack_seo_noindex":false,"footnotes":""},"class_list":["post-10","page","type-page","status-publish","hentry"],"jetpack_sharing_enabled":true,"_links":{"self":[{"href":"https:\/\/www.ucs.br\/ips\/index.php?rest_route=\/wp\/v2\/pages\/10","targetHints":{"allow":["GET"]}}],"collection":[{"href":"https:\/\/www.ucs.br\/ips\/index.php?rest_route=\/wp\/v2\/pages"}],"about":[{"href":"https:\/\/www.ucs.br\/ips\/index.php?rest_route=\/wp\/v2\/types\/page"}],"author":[{"embeddable":true,"href":"https:\/\/www.ucs.br\/ips\/index.php?rest_route=\/wp\/v2\/users\/1"}],"replies":[{"embeddable":true,"href":"https:\/\/www.ucs.br\/ips\/index.php?rest_route=%2Fwp%2Fv2%2Fcomments&post=10"}],"version-history":[{"count":8,"href":"https:\/\/www.ucs.br\/ips\/index.php?rest_route=\/wp\/v2\/pages\/10\/revisions"}],"predecessor-version":[{"id":1485,"href":"https:\/\/www.ucs.br\/ips\/index.php?rest_route=\/wp\/v2\/pages\/10\/revisions\/1485"}],"wp:attachment":[{"href":"https:\/\/www.ucs.br\/ips\/index.php?rest_route=%2Fwp%2Fv2%2Fmedia&parent=10"}],"curies":[{"name":"wp","href":"https:\/\/api.w.org\/{rel}","templated":true}]}}