{"id":1114,"date":"2023-01-06T13:05:44","date_gmt":"2023-01-06T16:05:44","guid":{"rendered":"https:\/\/www.ucs.br\/ips\/?page_id=1114"},"modified":"2025-07-01T14:57:39","modified_gmt":"2025-07-01T17:57:39","slug":"pesquisas-recrutamento-aberto","status":"publish","type":"page","link":"https:\/\/www.ucs.br\/ips\/?page_id=1114","title":{"rendered":"Pesquisas cl\u00ednicas (Recrutamento Aberto)"},"content":{"rendered":"<div class=\"grade-de-projetos\">\n<div class=\"projeto-card\">\r\n    <div class=\"card-detalhes\">\r\n        <h3><a href=\"https:\/\/www.ucs.br\/ips\/?post_type=pesquisa&#038;p=1056\">AHEAD-MERIT<\/a><\/h3>\r\n        <p class=\"card-info\">\r\n            <i class=\"fas fa-info-circle\"><\/i> \r\n            <strong>Status:<\/strong> Recrutamento aberto\r\n        <\/p>\r\n\r\n        \r\n        <p class=\"card-info\">\r\n            <i class=\"fas fa-stethoscope\"><\/i> \r\n            <strong>Especialidade M\u00e9dica:<\/strong> Oncologia\r\n        <\/p>\r\n        \r\n\t\t\r\n\t\t<p class=\"card-info\">\r\n  \t\t\t<i class=\"fas fa-heartbeat\"><\/i>\r\n  \t\t\t<strong>Condi\u00e7\u00e3o ou doen\u00e7a:<\/strong> <span class=\"valor-condicao\">C\u00e2ncer de cabe\u00e7a e pesco\u00e7o<\/span>\r\n\t\t<\/p>\r\n        \r\n    <\/div>\r\n    <div class=\"card-footer\">\r\n        <a href=\"https:\/\/www.ucs.br\/ips\/?post_type=pesquisa&#038;p=1056\" class=\"card-botao\">Ver Detalhes<\/a>\r\n    <\/div>\r\n<\/div><div class=\"projeto-card\">\r\n    <div class=\"card-detalhes\">\r\n        <h3><a href=\"https:\/\/www.ucs.br\/ips\/?post_type=pesquisa&#038;p=1321\">ANT-010 (LILAC-TIMI 76)<\/a><\/h3>\r\n        <p class=\"card-info\">\r\n            <i class=\"fas fa-info-circle\"><\/i> \r\n            <strong>Status:<\/strong> Recrutamento aberto\r\n        <\/p>\r\n\r\n        \r\n        <p class=\"card-info\">\r\n            <i class=\"fas fa-stethoscope\"><\/i> \r\n            <strong>Especialidade M\u00e9dica:<\/strong> Cardiologia\r\n        <\/p>\r\n        \r\n\t\t\r\n\t\t<p class=\"card-info\">\r\n  \t\t\t<i class=\"fas fa-heartbeat\"><\/i>\r\n  \t\t\t<strong>Condi\u00e7\u00e3o ou doen\u00e7a:<\/strong> <span class=\"valor-condicao\">Fibrila\u00e7\u00e3o atrial de alto risco<\/span>\r\n\t\t<\/p>\r\n        \r\n    <\/div>\r\n    <div class=\"card-footer\">\r\n        <a href=\"https:\/\/www.ucs.br\/ips\/?post_type=pesquisa&#038;p=1321\" class=\"card-botao\">Ver Detalhes<\/a>\r\n    <\/div>\r\n<\/div><div class=\"projeto-card\">\r\n    <div class=\"card-detalhes\">\r\n        <h3><a href=\"https:\/\/www.ucs.br\/ips\/?post_type=pesquisa&#038;p=1909\">BENITO<\/a><\/h3>\r\n        <p class=\"card-info\">\r\n            <i class=\"fas fa-info-circle\"><\/i> \r\n            <strong>Status:<\/strong> Recrutamento aberto\r\n        <\/p>\r\n\r\n        \r\n        <p class=\"card-info\">\r\n            <i class=\"fas fa-stethoscope\"><\/i> \r\n            <strong>Especialidade M\u00e9dica:<\/strong> Oncologia\r\n        <\/p>\r\n        \r\n\t\t\r\n\t\t<p class=\"card-info\">\r\n  \t\t\t<i class=\"fas fa-heartbeat\"><\/i>\r\n  \t\t\t<strong>Condi\u00e7\u00e3o ou doen\u00e7a:<\/strong> <span class=\"valor-condicao\">C\u00e2ncer de pulm\u00e3o de c\u00e9lulas n\u00e3o pequenas (CPCNP)<\/span>\r\n\t\t<\/p>\r\n        \r\n    <\/div>\r\n    <div class=\"card-footer\">\r\n        <a href=\"https:\/\/www.ucs.br\/ips\/?post_type=pesquisa&#038;p=1909\" class=\"card-botao\">Ver Detalhes<\/a>\r\n    <\/div>\r\n<\/div><div class=\"projeto-card\">\r\n    <div class=\"card-detalhes\">\r\n        <h3><a href=\"https:\/\/www.ucs.br\/ips\/?post_type=pesquisa&#038;p=1614\">BGB-43395<\/a><\/h3>\r\n        <p class=\"card-info\">\r\n            <i class=\"fas fa-info-circle\"><\/i> \r\n            <strong>Status:<\/strong> Recrutamento aberto\r\n        <\/p>\r\n\r\n        \r\n        <p class=\"card-info\">\r\n            <i class=\"fas fa-stethoscope\"><\/i> \r\n            <strong>Especialidade M\u00e9dica:<\/strong> Oncologia\r\n        <\/p>\r\n        \r\n\t\t\r\n\t\t<p class=\"card-info\">\r\n  \t\t\t<i class=\"fas fa-heartbeat\"><\/i>\r\n  \t\t\t<strong>Condi\u00e7\u00e3o ou doen\u00e7a:<\/strong> <span class=\"valor-condicao\">C\u00e2ncer de mama metast\u00e1tico<\/span>\r\n\t\t<\/p>\r\n        \r\n    <\/div>\r\n    <div class=\"card-footer\">\r\n        <a href=\"https:\/\/www.ucs.br\/ips\/?post_type=pesquisa&#038;p=1614\" class=\"card-botao\">Ver Detalhes<\/a>\r\n    <\/div>\r\n<\/div><div class=\"projeto-card\">\r\n    <div class=\"card-detalhes\">\r\n        <h3><a href=\"https:\/\/www.ucs.br\/ips\/?post_type=pesquisa&#038;p=1923\">COMMIT-CD<\/a><\/h3>\r\n        <p class=\"card-info\">\r\n            <i class=\"fas fa-info-circle\"><\/i> \r\n            <strong>Status:<\/strong> Recrutamento aberto\r\n        <\/p>\r\n\r\n        \r\n        <p class=\"card-info\">\r\n            <i class=\"fas fa-stethoscope\"><\/i> \r\n            <strong>Especialidade M\u00e9dica:<\/strong> Gastroenterologia\r\n        <\/p>\r\n        \r\n\t\t\r\n\t\t<p class=\"card-info\">\r\n  \t\t\t<i class=\"fas fa-heartbeat\"><\/i>\r\n  \t\t\t<strong>Condi\u00e7\u00e3o ou doen\u00e7a:<\/strong> <span class=\"valor-condicao\">Doen\u00e7a de Crohn<\/span>\r\n\t\t<\/p>\r\n        \r\n    <\/div>\r\n    <div class=\"card-footer\">\r\n        <a href=\"https:\/\/www.ucs.br\/ips\/?post_type=pesquisa&#038;p=1923\" class=\"card-botao\">Ver Detalhes<\/a>\r\n    <\/div>\r\n<\/div><div class=\"projeto-card\">\r\n    <div class=\"card-detalhes\">\r\n        <h3><a href=\"https:\/\/www.ucs.br\/ips\/?post_type=pesquisa&#038;p=1918\">COMMIT-UC<\/a><\/h3>\r\n        <p class=\"card-info\">\r\n            <i class=\"fas fa-info-circle\"><\/i> \r\n            <strong>Status:<\/strong> Recrutamento aberto\r\n        <\/p>\r\n\r\n        \r\n        <p class=\"card-info\">\r\n            <i class=\"fas fa-stethoscope\"><\/i> \r\n            <strong>Especialidade M\u00e9dica:<\/strong> Gastroenterologia\r\n        <\/p>\r\n        \r\n\t\t\r\n\t\t<p class=\"card-info\">\r\n  \t\t\t<i class=\"fas fa-heartbeat\"><\/i>\r\n  \t\t\t<strong>Condi\u00e7\u00e3o ou doen\u00e7a:<\/strong> <span class=\"valor-condicao\">Colite ulcerativa<\/span>\r\n\t\t<\/p>\r\n        \r\n    <\/div>\r\n    <div class=\"card-footer\">\r\n        <a href=\"https:\/\/www.ucs.br\/ips\/?post_type=pesquisa&#038;p=1918\" class=\"card-botao\">Ver Detalhes<\/a>\r\n    <\/div>\r\n<\/div><div class=\"projeto-card\">\r\n    <div class=\"card-detalhes\">\r\n        <h3><a href=\"https:\/\/www.ucs.br\/ips\/?post_type=pesquisa&#038;p=1847\">CONFIRMATION-HF<\/a><\/h3>\r\n        <p class=\"card-info\">\r\n            <i class=\"fas fa-info-circle\"><\/i> \r\n            <strong>Status:<\/strong> Recrutamento aberto\r\n        <\/p>\r\n\r\n        \r\n        <p class=\"card-info\">\r\n            <i class=\"fas fa-stethoscope\"><\/i> \r\n            <strong>Especialidade M\u00e9dica:<\/strong> Cardiologia\r\n        <\/p>\r\n        \r\n\t\t\r\n\t\t<p class=\"card-info\">\r\n  \t\t\t<i class=\"fas fa-heartbeat\"><\/i>\r\n  \t\t\t<strong>Condi\u00e7\u00e3o ou doen\u00e7a:<\/strong> <span class=\"valor-condicao\">Insufici\u00eancia card\u00edaca<\/span>\r\n\t\t<\/p>\r\n        \r\n    <\/div>\r\n    <div class=\"card-footer\">\r\n        <a href=\"https:\/\/www.ucs.br\/ips\/?post_type=pesquisa&#038;p=1847\" class=\"card-botao\">Ver Detalhes<\/a>\r\n    <\/div>\r\n<\/div><div class=\"projeto-card\">\r\n    <div class=\"card-detalhes\">\r\n        <h3><a href=\"https:\/\/www.ucs.br\/ips\/?post_type=pesquisa&#038;p=1615\">DLG<\/a><\/h3>\r\n        <p class=\"card-info\">\r\n            <i class=\"fas fa-info-circle\"><\/i> \r\n            <strong>Status:<\/strong> Recrutamento aberto\r\n        <\/p>\r\n\r\n        \r\n        <p class=\"card-info\">\r\n            <i class=\"fas fa-stethoscope\"><\/i> \r\n            <strong>Especialidade M\u00e9dica:<\/strong> Proctologia\r\n        <\/p>\r\n        \r\n\t\t\r\n\t\t<p class=\"card-info\">\r\n  \t\t\t<i class=\"fas fa-heartbeat\"><\/i>\r\n  \t\t\t<strong>Condi\u00e7\u00e3o ou doen\u00e7a:<\/strong> <span class=\"valor-condicao\">Fissura anal<\/span>\r\n\t\t<\/p>\r\n        \r\n    <\/div>\r\n    <div class=\"card-footer\">\r\n        <a href=\"https:\/\/www.ucs.br\/ips\/?post_type=pesquisa&#038;p=1615\" class=\"card-botao\">Ver Detalhes<\/a>\r\n    <\/div>\r\n<\/div><div class=\"projeto-card\">\r\n    <div class=\"card-detalhes\">\r\n        <h3><a href=\"https:\/\/www.ucs.br\/ips\/?post_type=pesquisa&#038;p=1865\">EASi HF Reduced<\/a><\/h3>\r\n        <p class=\"card-info\">\r\n            <i class=\"fas fa-info-circle\"><\/i> \r\n            <strong>Status:<\/strong> Recrutamento aberto\r\n        <\/p>\r\n\r\n        \r\n        <p class=\"card-info\">\r\n            <i class=\"fas fa-stethoscope\"><\/i> \r\n            <strong>Especialidade M\u00e9dica:<\/strong> Cardiologia\r\n        <\/p>\r\n        \r\n\t\t\r\n\t\t<p class=\"card-info\">\r\n  \t\t\t<i class=\"fas fa-heartbeat\"><\/i>\r\n  \t\t\t<strong>Condi\u00e7\u00e3o ou doen\u00e7a:<\/strong> <span class=\"valor-condicao\">Insufici\u00eancia card\u00edaca<\/span>\r\n\t\t<\/p>\r\n        \r\n    <\/div>\r\n    <div class=\"card-footer\">\r\n        <a href=\"https:\/\/www.ucs.br\/ips\/?post_type=pesquisa&#038;p=1865\" class=\"card-botao\">Ver Detalhes<\/a>\r\n    <\/div>\r\n<\/div><div class=\"projeto-card\">\r\n    <div class=\"card-detalhes\">\r\n        <h3><a href=\"https:\/\/www.ucs.br\/ips\/?post_type=pesquisa&#038;p=1934\">FIORE<\/a><\/h3>\r\n        <p class=\"card-info\">\r\n            <i class=\"fas fa-info-circle\"><\/i> \r\n            <strong>Status:<\/strong> Recrutamento aberto\r\n        <\/p>\r\n\r\n        \r\n        <p class=\"card-info\">\r\n            <i class=\"fas fa-stethoscope\"><\/i> \r\n            <strong>Especialidade M\u00e9dica:<\/strong> Cardiologia\r\n        <\/p>\r\n        \r\n\t\t\r\n\t\t<p class=\"card-info\">\r\n  \t\t\t<i class=\"fas fa-heartbeat\"><\/i>\r\n  \t\t\t<strong>Condi\u00e7\u00e3o ou doen\u00e7a:<\/strong> <span class=\"valor-condicao\">Insufici\u00eancia card\u00edaca<\/span>\r\n\t\t<\/p>\r\n        \r\n    <\/div>\r\n    <div class=\"card-footer\">\r\n        <a href=\"https:\/\/www.ucs.br\/ips\/?post_type=pesquisa&#038;p=1934\" class=\"card-botao\">Ver Detalhes<\/a>\r\n    <\/div>\r\n<\/div><div class=\"projeto-card\">\r\n    <div class=\"card-detalhes\">\r\n        <h3><a href=\"https:\/\/www.ucs.br\/ips\/?post_type=pesquisa&#038;p=1700\">OrigAMI-2<\/a><\/h3>\r\n        <p class=\"card-info\">\r\n            <i class=\"fas fa-info-circle\"><\/i> \r\n            <strong>Status:<\/strong> Recrutamento aberto\r\n        <\/p>\r\n\r\n        \r\n        <p class=\"card-info\">\r\n            <i class=\"fas fa-stethoscope\"><\/i> \r\n            <strong>Especialidade M\u00e9dica:<\/strong> Oncologia\r\n        <\/p>\r\n        \r\n\t\t\r\n\t\t<p class=\"card-info\">\r\n  \t\t\t<i class=\"fas fa-heartbeat\"><\/i>\r\n  \t\t\t<strong>Condi\u00e7\u00e3o ou doen\u00e7a:<\/strong> <span class=\"valor-condicao\">C\u00e2ncer colorretal<\/span>\r\n\t\t<\/p>\r\n        \r\n    <\/div>\r\n    <div class=\"card-footer\">\r\n        <a href=\"https:\/\/www.ucs.br\/ips\/?post_type=pesquisa&#038;p=1700\" class=\"card-botao\">Ver Detalhes<\/a>\r\n    <\/div>\r\n<\/div><div class=\"projeto-card\">\r\n    <div class=\"card-detalhes\">\r\n        <h3><a href=\"https:\/\/www.ucs.br\/ips\/?post_type=pesquisa&#038;p=1911\">PREVAIL<\/a><\/h3>\r\n        <p class=\"card-info\">\r\n            <i class=\"fas fa-info-circle\"><\/i> \r\n            <strong>Status:<\/strong> Recrutamento aberto\r\n        <\/p>\r\n\r\n        \r\n        <p class=\"card-info\">\r\n            <i class=\"fas fa-stethoscope\"><\/i> \r\n            <strong>Especialidade M\u00e9dica:<\/strong> Nefrologia\r\n        <\/p>\r\n        \r\n\t\t\r\n\t\t<p class=\"card-info\">\r\n  \t\t\t<i class=\"fas fa-heartbeat\"><\/i>\r\n  \t\t\t<strong>Condi\u00e7\u00e3o ou doen\u00e7a:<\/strong> <span class=\"valor-condicao\">Nefropatia<\/span>\r\n\t\t<\/p>\r\n        \r\n    <\/div>\r\n    <div class=\"card-footer\">\r\n        <a href=\"https:\/\/www.ucs.br\/ips\/?post_type=pesquisa&#038;p=1911\" class=\"card-botao\">Ver Detalhes<\/a>\r\n    <\/div>\r\n<\/div><div class=\"projeto-card\">\r\n    <div class=\"card-detalhes\">\r\n        <h3><a href=\"https:\/\/www.ucs.br\/ips\/?post_type=pesquisa&#038;p=1632\">REDEFINE-HF<\/a><\/h3>\r\n        <p class=\"card-info\">\r\n            <i class=\"fas fa-info-circle\"><\/i> \r\n            <strong>Status:<\/strong> Recrutamento aberto\r\n        <\/p>\r\n\r\n        \r\n        <p class=\"card-info\">\r\n            <i class=\"fas fa-stethoscope\"><\/i> \r\n            <strong>Especialidade M\u00e9dica:<\/strong> Cardiologia\r\n        <\/p>\r\n        \r\n\t\t\r\n\t\t<p class=\"card-info\">\r\n  \t\t\t<i class=\"fas fa-heartbeat\"><\/i>\r\n  \t\t\t<strong>Condi\u00e7\u00e3o ou doen\u00e7a:<\/strong> <span class=\"valor-condicao\">Insufici\u00eancia card\u00edaca<\/span>\r\n\t\t<\/p>\r\n        \r\n    <\/div>\r\n    <div class=\"card-footer\">\r\n        <a href=\"https:\/\/www.ucs.br\/ips\/?post_type=pesquisa&#038;p=1632\" class=\"card-botao\">Ver Detalhes<\/a>\r\n    <\/div>\r\n<\/div><div class=\"projeto-card\">\r\n    <div class=\"card-detalhes\">\r\n        <h3><a href=\"https:\/\/www.ucs.br\/ips\/?post_type=pesquisa&#038;p=1936\">RELIEVE<\/a><\/h3>\r\n        <p class=\"card-info\">\r\n            <i class=\"fas fa-info-circle\"><\/i> \r\n            <strong>Status:<\/strong> Recrutamento aberto\r\n        <\/p>\r\n\r\n        \r\n        <p class=\"card-info\">\r\n            <i class=\"fas fa-stethoscope\"><\/i> \r\n            <strong>Especialidade M\u00e9dica:<\/strong> Neurologia\r\n        <\/p>\r\n        \r\n\t\t\r\n\t\t<p class=\"card-info\">\r\n  \t\t\t<i class=\"fas fa-heartbeat\"><\/i>\r\n  \t\t\t<strong>Condi\u00e7\u00e3o ou doen\u00e7a:<\/strong> <span class=\"valor-condicao\">Myasthenia gravis<\/span>\r\n\t\t<\/p>\r\n        \r\n    <\/div>\r\n    <div class=\"card-footer\">\r\n        <a href=\"https:\/\/www.ucs.br\/ips\/?post_type=pesquisa&#038;p=1936\" class=\"card-botao\">Ver Detalhes<\/a>\r\n    <\/div>\r\n<\/div><div class=\"projeto-card\">\r\n    <div class=\"card-detalhes\">\r\n        <h3><a href=\"https:\/\/www.ucs.br\/ips\/?post_type=pesquisa&#038;p=1302\">TILIA<\/a><\/h3>\r\n        <p class=\"card-info\">\r\n            <i class=\"fas fa-info-circle\"><\/i> \r\n            <strong>Status:<\/strong> Recrutamento aberto\r\n        <\/p>\r\n\r\n        \r\n        <p class=\"card-info\">\r\n            <i class=\"fas fa-stethoscope\"><\/i> \r\n            <strong>Especialidade M\u00e9dica:<\/strong> Infectologia\r\n        <\/p>\r\n        \r\n\t\t\r\n\t\t<p class=\"card-info\">\r\n  \t\t\t<i class=\"fas fa-heartbeat\"><\/i>\r\n  \t\t\t<strong>Condi\u00e7\u00e3o ou doen\u00e7a:<\/strong> <span class=\"valor-condicao\">Infec\u00e7\u00e3o pulmonar viral<\/span>\r\n\t\t<\/p>\r\n        \r\n    <\/div>\r\n    <div class=\"card-footer\">\r\n        <a href=\"https:\/\/www.ucs.br\/ips\/?post_type=pesquisa&#038;p=1302\" class=\"card-botao\">Ver Detalhes<\/a>\r\n    <\/div>\r\n<\/div>\n<\/div>\n","protected":false},"excerpt":{"rendered":"","protected":false},"author":1,"featured_media":0,"parent":0,"menu_order":0,"comment_status":"closed","ping_status":"closed","template":"","meta":{"advanced_seo_description":"","jetpack_seo_html_title":"","jetpack_seo_noindex":false,"footnotes":""},"class_list":["post-1114","page","type-page","status-publish","hentry"],"jetpack_sharing_enabled":true,"_links":{"self":[{"href":"https:\/\/www.ucs.br\/ips\/index.php?rest_route=\/wp\/v2\/pages\/1114","targetHints":{"allow":["GET"]}}],"collection":[{"href":"https:\/\/www.ucs.br\/ips\/index.php?rest_route=\/wp\/v2\/pages"}],"about":[{"href":"https:\/\/www.ucs.br\/ips\/index.php?rest_route=\/wp\/v2\/types\/page"}],"author":[{"embeddable":true,"href":"https:\/\/www.ucs.br\/ips\/index.php?rest_route=\/wp\/v2\/users\/1"}],"replies":[{"embeddable":true,"href":"https:\/\/www.ucs.br\/ips\/index.php?rest_route=%2Fwp%2Fv2%2Fcomments&post=1114"}],"version-history":[{"count":6,"href":"https:\/\/www.ucs.br\/ips\/index.php?rest_route=\/wp\/v2\/pages\/1114\/revisions"}],"predecessor-version":[{"id":1804,"href":"https:\/\/www.ucs.br\/ips\/index.php?rest_route=\/wp\/v2\/pages\/1114\/revisions\/1804"}],"wp:attachment":[{"href":"https:\/\/www.ucs.br\/ips\/index.php?rest_route=%2Fwp%2Fv2%2Fmedia&parent=1114"}],"curies":[{"name":"wp","href":"https:\/\/api.w.org\/{rel}","templated":true}]}}