{"id":1132,"date":"2023-02-15T14:28:52","date_gmt":"2023-02-15T17:28:52","guid":{"rendered":"https:\/\/www.ucs.br\/ips\/?page_id=1132"},"modified":"2025-06-02T09:25:11","modified_gmt":"2025-06-02T12:25:11","slug":"fases-da-pesquisa-clinica","status":"publish","type":"page","link":"https:\/\/www.ucs.br\/ips\/?page_id=1132","title":{"rendered":"Fases da pesquisa cl\u00ednica"},"content":{"rendered":"\n<div class=\"wp-block-media-text alignwide is-stacked-on-mobile is-vertically-aligned-top\" style=\"grid-template-columns:40% auto\"><figure class=\"wp-block-media-text__media\"><img data-recalc-dims=\"1\" fetchpriority=\"high\" decoding=\"async\" width=\"519\" height=\"690\" src=\"https:\/\/i0.wp.com\/www.ucs.br\/ips\/wp-content\/uploads\/2023\/02\/pesquisa_clinica_medicamentos01.png?resize=519%2C690&#038;ssl=1\" alt=\"\" class=\"wp-image-1149 size-full\" srcset=\"https:\/\/i0.wp.com\/www.ucs.br\/ips\/wp-content\/uploads\/2023\/02\/pesquisa_clinica_medicamentos01.png?w=519&amp;ssl=1 519w, https:\/\/i0.wp.com\/www.ucs.br\/ips\/wp-content\/uploads\/2023\/02\/pesquisa_clinica_medicamentos01.png?resize=226%2C300&amp;ssl=1 226w\" sizes=\"(max-width: 519px) 100vw, 519px\" \/><\/figure><div class=\"wp-block-media-text__content\">\n<p>A pesquisa cl\u00ednica \u00e9 uma \u00e1rea da ci\u00eancia m\u00e9dica que tem como objetivo avaliar a efic\u00e1cia e seguran\u00e7a de novos tratamentos e procedimentos m\u00e9dicos em seres humanos. Para alcan\u00e7ar esse objetivo, os estudos cl\u00ednicos passam por uma s\u00e9rie de fases, que s\u00e3o importantes para garantir a seguran\u00e7a dos participantes e fornecer evid\u00eancias cient\u00edficas s\u00f3lidas. Neste texto, vamos descrever as quatro fases da pesquisa cl\u00ednica: Fase I, Fase II, Fase III e Fase IV.<\/p>\n\n\n\n<h3 class=\"wp-block-heading\">Fase I <\/h3>\n\n\n\n<p>Nesta fase, os pesquisadores avaliam a seguran\u00e7a de um novo tratamento ou procedimento em um pequeno grupo de volunt\u00e1rios saud\u00e1veis. O objetivo principal \u00e9 determinar a dosagem adequada e os poss\u00edveis efeitos colaterais. Os estudos de Fase I geralmente envolvem entre 20 e 80 participantes e duram alguns meses.<\/p>\n\n\n\n<h3 class=\"wp-block-heading\">Fase II<\/h3>\n\n\n\n<p>Nesta fase, o tratamento \u00e9 aplicado em um grupo maior de participantes, geralmente incluindo pessoas que t\u00eam a doen\u00e7a ou condi\u00e7\u00e3o em estudo. O objetivo \u00e9 avaliar a efic\u00e1cia do tratamento em rela\u00e7\u00e3o \u00e0 doen\u00e7a em quest\u00e3o e continuar a avaliar a seguran\u00e7a. Os estudos de Fase II envolvem centenas de participantes e podem durar de v\u00e1rios meses a dois anos.<\/p>\n\n\n\n<h3 class=\"wp-block-heading\">Fase III<\/h3>\n\n\n\n<p>Nesta fase, o tratamento \u00e9 aplicado em um grande grupo de participantes para confirmar sua efic\u00e1cia e seguran\u00e7a em uma amostra representativa da popula\u00e7\u00e3o que ser\u00e1 tratada com o medicamento ou procedimento. Esses estudos envolvem milhares de participantes e podem durar de dois a quatro anos. Se os resultados dos estudos de Fase III forem positivos, a ag\u00eancia reguladora pode aprovar o tratamento para uso na popula\u00e7\u00e3o em geral.<\/p>\n\n\n\n<h3 class=\"wp-block-heading\">Fase IV<\/h3>\n\n\n\n<p>Nesta fase, o tratamento j\u00e1 foi aprovado pela ag\u00eancia reguladora e est\u00e1 sendo usado na pr\u00e1tica cl\u00ednica. Os estudos de Fase IV s\u00e3o conduzidos para monitorar a efic\u00e1cia e seguran\u00e7a a longo prazo, identificar poss\u00edveis efeitos colaterais ou intera\u00e7\u00f5es com outros medicamentos e avaliar a efetividade do tratamento em condi\u00e7\u00f5es do mundo real. Esses estudos podem envolver milhares de participantes e podem durar v\u00e1rios anos.<\/p>\n<\/div><\/div>\n\n\n\n<p><\/p>\n\n\n\n<div style=\"height:30px\" aria-hidden=\"true\" class=\"wp-block-spacer\"><\/div>\n\n\n\n<p>O Instituto de Pesquisas em Sa\u00fade da Universidade de Caxias do Sul tem uma equipe de pesquisadores altamente qualificados e experientes que conduzem estudos cl\u00ednicos em todas as fases da pesquisa cl\u00ednica. Todos os estudos s\u00e3o conduzidos de acordo com as diretrizes \u00e9ticas e regulat\u00f3rias aplic\u00e1veis e com o objetivo de contribuir para o avan\u00e7o da ci\u00eancia m\u00e9dica e a melhoria da sa\u00fade da popula\u00e7\u00e3o.<\/p>\n","protected":false},"excerpt":{"rendered":"<p>A pesquisa cl\u00ednica \u00e9 uma \u00e1rea da ci\u00eancia m\u00e9dica que tem como objetivo avaliar a efic\u00e1cia e seguran\u00e7a de novos tratamentos e procedimentos m\u00e9dicos em&hellip;<\/p>\n","protected":false},"author":1,"featured_media":1149,"parent":0,"menu_order":0,"comment_status":"closed","ping_status":"closed","template":"","meta":{"advanced_seo_description":"","jetpack_seo_html_title":"","jetpack_seo_noindex":false,"footnotes":""},"class_list":["post-1132","page","type-page","status-publish","has-post-thumbnail","hentry"],"jetpack_sharing_enabled":true,"_links":{"self":[{"href":"https:\/\/www.ucs.br\/ips\/index.php?rest_route=\/wp\/v2\/pages\/1132","targetHints":{"allow":["GET"]}}],"collection":[{"href":"https:\/\/www.ucs.br\/ips\/index.php?rest_route=\/wp\/v2\/pages"}],"about":[{"href":"https:\/\/www.ucs.br\/ips\/index.php?rest_route=\/wp\/v2\/types\/page"}],"author":[{"embeddable":true,"href":"https:\/\/www.ucs.br\/ips\/index.php?rest_route=\/wp\/v2\/users\/1"}],"replies":[{"embeddable":true,"href":"https:\/\/www.ucs.br\/ips\/index.php?rest_route=%2Fwp%2Fv2%2Fcomments&post=1132"}],"version-history":[{"count":5,"href":"https:\/\/www.ucs.br\/ips\/index.php?rest_route=\/wp\/v2\/pages\/1132\/revisions"}],"predecessor-version":[{"id":1154,"href":"https:\/\/www.ucs.br\/ips\/index.php?rest_route=\/wp\/v2\/pages\/1132\/revisions\/1154"}],"wp:featuredmedia":[{"embeddable":true,"href":"https:\/\/www.ucs.br\/ips\/index.php?rest_route=\/wp\/v2\/media\/1149"}],"wp:attachment":[{"href":"https:\/\/www.ucs.br\/ips\/index.php?rest_route=%2Fwp%2Fv2%2Fmedia&parent=1132"}],"curies":[{"name":"wp","href":"https:\/\/api.w.org\/{rel}","templated":true}]}}