{"id":16,"date":"2020-09-16T14:24:45","date_gmt":"2020-09-16T17:24:45","guid":{"rendered":"https:\/\/www.ucs.br\/ips2\/?page_id=16"},"modified":"2025-11-24T08:12:48","modified_gmt":"2025-11-24T11:12:48","slug":"equipe","status":"publish","type":"page","link":"https:\/\/www.ucs.br\/ips\/?page_id=16","title":{"rendered":"Equipe"},"content":{"rendered":"\n<h4 class=\"wp-block-heading\" id=\"direcao\"><strong>Dire\u00e7\u00e3o<\/strong><\/h4>\n\n\n\n<h4 class=\"wp-block-heading\" id=\"rosa-dea-sperhacke\">Rosa Dea Sperhacke<\/h4>\n\n\n\n<div class=\"wp-block-columns is-layout-flex wp-container-core-columns-is-layout-9d6595d7 wp-block-columns-is-layout-flex\">\n<div class=\"wp-block-column is-layout-flow wp-block-column-is-layout-flow\" style=\"flex-basis:75%\">\n<p>Possui gradua\u00e7\u00e3o em Farm\u00e1cia pela Universidade Federal do Rio Grande do Sul (1991), mestrado em Ci\u00eancias Biol\u00f3gicas (Bioqu\u00edmica) pela Universidade Federal do Rio Grande do Sul (1996) e doutorado em Cl\u00ednica M\u00e9dica pela Universidade Federal do Rio de Janeiro (2003).<\/p>\n<\/div>\n\n\n\n<div class=\"wp-block-column is-layout-flow wp-block-column-is-layout-flow\" style=\"flex-basis:15%\">\n<div class=\"wp-block-buttons is-content-justification-center is-layout-flex wp-container-core-buttons-is-layout-16018d1d wp-block-buttons-is-layout-flex\">\n<div class=\"wp-block-button aligncenter is-style-outline is-style-outline--1\"><a class=\"wp-block-button__link has-white-color has-vivid-cyan-blue-background-color has-text-color has-background has-custom-font-size wp-element-button\" href=\"http:\/\/lattes.cnpq.br\/6870822709160181\" style=\"border-radius:0px;font-size:14px\" target=\"_blank\" rel=\"noreferrer noopener\"><strong>LATTES<\/strong><\/a><\/div>\n<\/div>\n<\/div>\n<\/div>\n\n\n\n<h4 class=\"wp-block-heading\" id=\"equipe-tecnica-em-ordem-alfabetica\"><strong>Equipe T\u00e9cnica (em ordem alfab\u00e9tica)<\/strong><\/h4>\n\n\n\n<h4 class=\"wp-block-heading\" id=\"aline-de-gregori-adami\">Aline de Gregori Adami<\/h4>\n\n\n\n<div class=\"wp-block-columns is-layout-flex wp-container-core-columns-is-layout-9d6595d7 wp-block-columns-is-layout-flex\">\n<div class=\"wp-block-column is-layout-flow wp-block-column-is-layout-flow\" style=\"flex-basis:75%\">\n<p>Possui gradua\u00e7\u00e3o em Farm\u00e1cia pela Universidade de Caxias do Sul (2014), especializa\u00e7\u00e3o em Biologia Molecular Aplicada \u00e0 Sa\u00fade pela Universidade Feevale (2017) e mestrado acad\u00eamico em Ci\u00eancias da Sa\u00fade pela Universidade de Caxias do Sul (2022).<\/p>\n<\/div>\n\n\n\n<div class=\"wp-block-column is-layout-flow wp-block-column-is-layout-flow\" style=\"flex-basis:15%\">\n<div class=\"wp-block-buttons is-content-justification-center is-layout-flex wp-container-core-buttons-is-layout-16018d1d wp-block-buttons-is-layout-flex\">\n<div class=\"wp-block-button aligncenter\"><a class=\"wp-block-button__link has-white-color has-vivid-cyan-blue-background-color has-text-color has-background has-custom-font-size wp-element-button\" href=\"http:\/\/lattes.cnpq.br\/1164448168643815\" style=\"border-radius:0px;font-size:14px\" target=\"_blank\" rel=\"noreferrer noopener\"><strong>LATTES<\/strong><\/a><\/div>\n<\/div>\n<\/div>\n<\/div>\n\n\n\n<h4 class=\"wp-block-heading\">Carin Etiane Garske<\/h4>\n\n\n\n<div class=\"wp-block-columns is-layout-flex wp-container-core-columns-is-layout-9d6595d7 wp-block-columns-is-layout-flex\">\n<div class=\"wp-block-column is-layout-flow wp-block-column-is-layout-flow\" style=\"flex-basis:75%\">\n<p>Possui gradua\u00e7\u00e3o em Enfermagem pela Universidade de Caxias do Sul (2003), especializa\u00e7\u00e3o em Sa\u00fade P\u00fablica com \u00canfase em Servi\u00e7os pela Universidade do Contestado (2007) e especializa\u00e7\u00e3o em Nefro-urologia pela Universidade de Caxias do Sul (2009).<\/p>\n<\/div>\n\n\n\n<div class=\"wp-block-column is-layout-flow wp-block-column-is-layout-flow\" style=\"flex-basis:15%\">\n<div class=\"wp-block-buttons is-content-justification-center is-layout-flex wp-container-core-buttons-is-layout-16018d1d wp-block-buttons-is-layout-flex\">\n<div class=\"wp-block-button\"><a class=\"wp-block-button__link has-white-color has-vivid-cyan-blue-background-color has-text-color has-background has-text-align-left has-custom-font-size wp-element-button\" href=\"http:\/\/lattes.cnpq.br\/4688978946937844\" style=\"border-radius:0px;font-size:14px\" target=\"_blank\" rel=\"noreferrer noopener\"><strong>LATTES<\/strong><\/a><\/div>\n<\/div>\n<\/div>\n<\/div>\n\n\n\n<h4 class=\"wp-block-heading\">Daniela Cauzzi Rodrigues<\/h4>\n\n\n\n<div class=\"wp-block-columns is-layout-flex wp-container-core-columns-is-layout-9d6595d7 wp-block-columns-is-layout-flex\">\n<div class=\"wp-block-column is-layout-flow wp-block-column-is-layout-flow\" style=\"flex-basis:75%\">\n<p>Possui gradua\u00e7\u00e3o em Farm\u00e1cia pela Universidade de Caxias do Sul (2017), especializa\u00e7\u00e3o Multiprofissional em Oncologia pela Universidade de Caxias do Sul (2021) e especializa\u00e7\u00e3o em Farmacologia Cl\u00ednica Baseada em Evid\u00eancias pelo Instituto de Ci\u00eancia, Tecnologia e Qualidade (2022).<\/p>\n<\/div>\n\n\n\n<div class=\"wp-block-column is-layout-flow wp-block-column-is-layout-flow\" style=\"flex-basis:15%\">\n<div class=\"wp-block-buttons is-content-justification-center is-layout-flex wp-container-core-buttons-is-layout-16018d1d wp-block-buttons-is-layout-flex\">\n<div class=\"wp-block-button\"><a class=\"wp-block-button__link has-white-color has-vivid-cyan-blue-background-color has-text-color has-background has-custom-font-size wp-element-button\" href=\"http:\/\/lattes.cnpq.br\/1194016910273620\" style=\"border-radius:0px;font-size:14px\" target=\"_blank\" rel=\"noreferrer noopener\"><strong>LATTES<\/strong><\/a><\/div>\n<\/div>\n<\/div>\n<\/div>\n\n\n\n<h4 class=\"wp-block-heading\">Daniela Wendt<\/h4>\n\n\n\n<div class=\"wp-block-columns is-layout-flex wp-container-core-columns-is-layout-9d6595d7 wp-block-columns-is-layout-flex\">\n<div class=\"wp-block-column is-layout-flow wp-block-column-is-layout-flow\" style=\"flex-basis:75%\">\n<p>Possui gradua\u00e7\u00e3o em Enfermagem pela Universidade de Caxias do Sul (2014) e especializa\u00e7\u00e3o em Reabilita\u00e7\u00e3o Cardiovascular e Metab\u00f3lica pela Universidade de Caxias do Sul (2023).<\/p>\n<\/div>\n\n\n\n<div class=\"wp-block-column is-layout-flow wp-block-column-is-layout-flow\" style=\"flex-basis:15%\">\n<div class=\"wp-block-buttons is-content-justification-center is-layout-flex wp-container-core-buttons-is-layout-16018d1d wp-block-buttons-is-layout-flex\">\n<div class=\"wp-block-button\"><a class=\"wp-block-button__link has-white-color has-vivid-cyan-blue-background-color has-text-color has-background has-custom-font-size wp-element-button\" href=\"http:\/\/lattes.cnpq.br\/9047818734970926\" style=\"border-radius:0px;font-size:14px\" target=\"_blank\" rel=\"noreferrer noopener\"><strong>LATTES<\/strong><\/a><\/div>\n<\/div>\n<\/div>\n<\/div>\n\n\n\n<h4 class=\"wp-block-heading\">Fernanda Meire Cioato<\/h4>\n\n\n\n<div class=\"wp-block-columns is-layout-flex wp-container-core-columns-is-layout-9d6595d7 wp-block-columns-is-layout-flex\">\n<div class=\"wp-block-column is-layout-flow wp-block-column-is-layout-flow\" style=\"flex-basis:75%\">\n<p>Possui gradua\u00e7\u00e3o em Enfermagem pela Universidade de Caxias do Sul (2023) e mestrado  em Ci\u00eancias da Sa\u00fade pela Universidade de Caxias do Sul (em andamento).<\/p>\n<\/div>\n\n\n\n<div class=\"wp-block-column is-layout-flow wp-block-column-is-layout-flow\" style=\"flex-basis:15%\">\n<div class=\"wp-block-buttons is-content-justification-center is-layout-flex wp-container-core-buttons-is-layout-16018d1d wp-block-buttons-is-layout-flex\">\n<div class=\"wp-block-button\"><a class=\"wp-block-button__link has-white-color has-vivid-cyan-blue-background-color has-text-color has-background has-custom-font-size wp-element-button\" href=\"http:\/\/lattes.cnpq.br\/1264212472490699\" style=\"border-radius:0px;font-size:14px\" target=\"_blank\" rel=\"noreferrer noopener\"><strong>LATTES<\/strong><\/a><\/div>\n<\/div>\n<\/div>\n<\/div>\n\n\n\n<h4 class=\"wp-block-heading\" id=\"leonardo-rapone-da-motta\">Leonardo Rapone da Motta<\/h4>\n\n\n\n<div class=\"wp-block-columns is-layout-flex wp-container-core-columns-is-layout-9d6595d7 wp-block-columns-is-layout-flex\">\n<div class=\"wp-block-column is-layout-flow wp-block-column-is-layout-flow\" style=\"flex-basis:75%\">\n<p>Possui gradua\u00e7\u00e3o em Farm\u00e1cia pela Universidade Luterana do Brasil (1999), especializa\u00e7\u00e3o em An\u00e1lises Cl\u00ednicas pela Universidade Luterana do Brasil (1999) e mestrado em Biotecnologia pela Universidade de Caxias do Sul (2004).<\/p>\n<\/div>\n\n\n\n<div class=\"wp-block-column is-layout-flow wp-block-column-is-layout-flow\" style=\"flex-basis:15%\">\n<div class=\"wp-block-buttons is-content-justification-center is-layout-flex wp-container-core-buttons-is-layout-16018d1d wp-block-buttons-is-layout-flex\">\n<div class=\"wp-block-button\"><a class=\"wp-block-button__link has-white-color has-vivid-cyan-blue-background-color has-text-color has-background has-custom-font-size wp-element-button\" href=\"http:\/\/lattes.cnpq.br\/3158684120634870\" style=\"border-radius:0px;font-size:14px\"><strong>LATTES<\/strong><\/a><\/div>\n<\/div>\n<\/div>\n<\/div>\n\n\n\n<h4 class=\"wp-block-heading\">Mara da Silva<\/h4>\n\n\n\n<div class=\"wp-block-columns is-layout-flex wp-container-core-columns-is-layout-9d6595d7 wp-block-columns-is-layout-flex\">\n<div class=\"wp-block-column is-layout-flow wp-block-column-is-layout-flow\" style=\"flex-basis:75%\">\n<p>Possui gradua\u00e7\u00e3o em Farm\u00e1cia pela Universidade de Caxias do Sul (2022) e especializa\u00e7\u00e3o Farm\u00e1cia Oncol\u00f3gica pela Universidade de Caxias do Sul (2025).<\/p>\n<\/div>\n\n\n\n<div class=\"wp-block-column is-layout-flow wp-block-column-is-layout-flow\" style=\"flex-basis:15%\">\n<div class=\"wp-block-buttons is-content-justification-center is-layout-flex wp-container-core-buttons-is-layout-16018d1d wp-block-buttons-is-layout-flex\">\n<div class=\"wp-block-button\"><a class=\"wp-block-button__link has-white-color has-vivid-cyan-blue-background-color has-text-color has-background has-custom-font-size wp-element-button\" href=\"http:\/\/lattes.cnpq.br\/9948111947307764\" style=\"border-radius:0px;font-size:14px\" target=\"_blank\" rel=\"noreferrer noopener\"><strong>LATTES<\/strong><\/a><\/div>\n<\/div>\n<\/div>\n<\/div>\n\n\n\n<h4 class=\"wp-block-heading\">Marina Moreira Mazuchini<\/h4>\n\n\n\n<div class=\"wp-block-columns is-layout-flex wp-container-core-columns-is-layout-9d6595d7 wp-block-columns-is-layout-flex\">\n<div class=\"wp-block-column is-layout-flow wp-block-column-is-layout-flow\" style=\"flex-basis:75%\">\n<p>Possui gradua\u00e7\u00e3o em Farm\u00e1cia pela Universidade de Caxias do Sul (2021), especializa\u00e7\u00e3o em Farm\u00e1cia Oncol\u00f3gica pela Universidade de Caxias do Sul (2025) e especializa\u00e7\u00e3o em Farm\u00e1cia Cl\u00ednica e Prescri\u00e7\u00e3o Farmac\u00eautica pelo Instituto de Ci\u00eancia, Tecnologia e Qualidade (em andamento).<\/p>\n<\/div>\n\n\n\n<div class=\"wp-block-column is-layout-flow wp-block-column-is-layout-flow\" style=\"flex-basis:15%\">\n<div class=\"wp-block-buttons is-content-justification-center is-layout-flex wp-container-core-buttons-is-layout-16018d1d wp-block-buttons-is-layout-flex\">\n<div class=\"wp-block-button\"><a class=\"wp-block-button__link has-white-color has-vivid-cyan-blue-background-color has-text-color has-background has-custom-font-size wp-element-button\" href=\"http:\/\/lattes.cnpq.br\/5878223318784952\" style=\"border-radius:0px;font-size:14px\" target=\"_blank\" rel=\"noreferrer noopener\"><strong>LATTES<\/strong><\/a><\/div>\n<\/div>\n<\/div>\n<\/div>\n\n\n\n<h4 class=\"wp-block-heading\" id=\"melissa-lisboa-dos-reis-dos-santos\">Melissa Lisboa dos Reis dos Santos<\/h4>\n\n\n\n<div class=\"wp-block-columns is-layout-flex wp-container-core-columns-is-layout-9d6595d7 wp-block-columns-is-layout-flex\">\n<div class=\"wp-block-column is-layout-flow wp-block-column-is-layout-flow\" style=\"flex-basis:75%\">\n<p>T\u00e9cnica de Enfermagem pelo Hospital Nossa Senhora da Oliveira (1996).<\/p>\n<\/div>\n\n\n\n<div class=\"wp-block-column is-layout-flow wp-block-column-is-layout-flow\" style=\"flex-basis:15%\">\n<div class=\"wp-block-buttons is-content-justification-center is-layout-flex wp-container-core-buttons-is-layout-16018d1d wp-block-buttons-is-layout-flex\">\n<div class=\"wp-block-button\"><a class=\"wp-block-button__link has-white-color has-vivid-cyan-blue-background-color has-text-color has-background has-custom-font-size wp-element-button\" href=\"http:\/\/lattes.cnpq.br\/6023283147865012\" style=\"border-radius:0px;font-size:14px\" target=\"_blank\" rel=\"noreferrer noopener\"><strong>LATTES<\/strong><\/a><\/div>\n<\/div>\n<\/div>\n<\/div>\n\n\n\n<h4 class=\"wp-block-heading\" id=\"melissa-lisboa-dos-reis-dos-santos\">Priscila Dias Gon\u00e7alves<\/h4>\n\n\n\n<div class=\"wp-block-columns is-layout-flex wp-container-core-columns-is-layout-9d6595d7 wp-block-columns-is-layout-flex\">\n<div class=\"wp-block-column is-layout-flow wp-block-column-is-layout-flow\" style=\"flex-basis:75%\">\n<p>Possui gradua\u00e7\u00e3o em Biomedicina pelo Centro Universit\u00e1rio da Serra Ga\u00facha (2018).<\/p>\n<\/div>\n\n\n\n<div class=\"wp-block-column is-layout-flow wp-block-column-is-layout-flow\" style=\"flex-basis:15%\">\n<div class=\"wp-block-buttons is-content-justification-center is-layout-flex wp-container-core-buttons-is-layout-16018d1d wp-block-buttons-is-layout-flex\">\n<div class=\"wp-block-button\"><a class=\"wp-block-button__link has-white-color has-vivid-cyan-blue-background-color has-text-color has-background has-custom-font-size wp-element-button\" href=\"http:\/\/lattes.cnpq.br\/6002889812710860\" style=\"border-radius:0px;font-size:14px\" target=\"_blank\" rel=\"noreferrer noopener\"><strong>LATTES<\/strong><\/a><\/div>\n<\/div>\n<\/div>\n<\/div>\n\n\n\n<h4 class=\"wp-block-heading\" id=\"melissa-lisboa-dos-reis-dos-santos\">Rafaela Calcagnotto Viana<\/h4>\n\n\n\n<div class=\"wp-block-columns is-layout-flex wp-container-core-columns-is-layout-9d6595d7 wp-block-columns-is-layout-flex\">\n<div class=\"wp-block-column is-layout-flow wp-block-column-is-layout-flow\" style=\"flex-basis:75%\">\n<p>Possui gradua\u00e7\u00e3o em Farm\u00e1cia pela Universidade Federal do Rio Grande do Sul (1991), especializa\u00e7\u00e3o em Ind\u00fastria de Medicamentos pela Universidade Federal do Rio Grande do Sul (1997), especializa\u00e7\u00e3o em Homeopatia pelo Instituto Brasileiro de Estudos Homeop\u00e1ticos (2003) e especializa\u00e7\u00e3o Multiprofissional em Oncologia pela Universidade de Caxias do Sul (2014).<\/p>\n<\/div>\n\n\n\n<div class=\"wp-block-column is-layout-flow wp-block-column-is-layout-flow\" style=\"flex-basis:15%\">\n<div class=\"wp-block-buttons is-content-justification-center is-layout-flex wp-container-core-buttons-is-layout-16018d1d wp-block-buttons-is-layout-flex\">\n<div class=\"wp-block-button\"><a class=\"wp-block-button__link has-white-color has-vivid-cyan-blue-background-color has-text-color has-background has-custom-font-size wp-element-button\" href=\"http:\/\/lattes.cnpq.br\/7242798780220468\" style=\"border-radius:0px;font-size:14px\" target=\"_blank\" rel=\"noreferrer noopener\"><strong>LATTES<\/strong><\/a><\/div>\n<\/div>\n<\/div>\n<\/div>\n\n\n\n<h4 class=\"wp-block-heading\" id=\"equipe-de-apoio-em-ordem-alfabetica\"><strong>Equipe de Apoio (em ordem alfab\u00e9tica)<\/strong><\/h4>\n\n\n\n<h4 class=\"wp-block-heading\" id=\"cristina-barros-da-luz\">Cristina Barros da Luz<\/h4>\n\n\n\n<div class=\"wp-block-columns is-layout-flex wp-container-core-columns-is-layout-9d6595d7 wp-block-columns-is-layout-flex\">\n<div class=\"wp-block-column is-layout-flow wp-block-column-is-layout-flow\" style=\"flex-basis:75%\">\n<p>Possui gradua\u00e7\u00e3o em Secret\u00e1rio Executivo Bil\u00edngue pela Universidade de Caxias do Sul (2001).<\/p>\n<\/div>\n\n\n\n<div class=\"wp-block-column is-layout-flow wp-block-column-is-layout-flow\" style=\"flex-basis:15%\">\n<div class=\"wp-block-buttons is-content-justification-center is-layout-flex wp-container-core-buttons-is-layout-16018d1d wp-block-buttons-is-layout-flex\">\n<div class=\"wp-block-button\"><a class=\"wp-block-button__link has-white-color has-vivid-cyan-blue-background-color has-text-color has-background has-custom-font-size wp-element-button\" style=\"border-radius:0px;font-size:14px\"><strong>LATTES<\/strong><\/a><\/div>\n<\/div>\n<\/div>\n<\/div>\n\n\n\n<h4 class=\"wp-block-heading\" id=\"sabrina-de-fatima-feijo\">Sabrina de F\u00e1tima Feij\u00f3<\/h4>\n\n\n\n<div class=\"wp-block-columns is-layout-flex wp-container-core-columns-is-layout-9d6595d7 wp-block-columns-is-layout-flex\">\n<div class=\"wp-block-column is-layout-flow wp-block-column-is-layout-flow\" style=\"flex-basis:75%\">\n<p>Possui gradua\u00e7\u00e3o em Administra\u00e7\u00e3o, modalidade Bacharelado (Habilita\u00e7\u00e3o em Com\u00e9rcio Exterior), pela Universidade de Caxias do Sul (2011).<\/p>\n<\/div>\n\n\n\n<div class=\"wp-block-column is-layout-flow wp-block-column-is-layout-flow\" style=\"flex-basis:15%\">\n<div class=\"wp-block-buttons is-content-justification-center is-layout-flex wp-container-core-buttons-is-layout-16018d1d wp-block-buttons-is-layout-flex\">\n<div class=\"wp-block-button\"><a class=\"wp-block-button__link has-white-color has-vivid-cyan-blue-background-color has-text-color has-background has-custom-font-size wp-element-button\" href=\"http:\/\/lattes.cnpq.br\/1754137029947533\" style=\"border-radius:0px;font-size:14px\" target=\"_blank\" rel=\"noreferrer noopener\"><strong>LATTES<\/strong><\/a><\/div>\n<\/div>\n<\/div>\n<\/div>\n\n\n\n<div style=\"height:100px\" aria-hidden=\"true\" class=\"wp-block-spacer\"><\/div>\n\n\n\n<p><\/p>\n","protected":false},"excerpt":{"rendered":"<p>Dire\u00e7\u00e3o Rosa Dea Sperhacke Possui gradua\u00e7\u00e3o em Farm\u00e1cia pela Universidade Federal do Rio Grande do Sul (1991), mestrado em Ci\u00eancias Biol\u00f3gicas (Bioqu\u00edmica) pela Universidade Federal&hellip;<\/p>\n","protected":false},"author":1,"featured_media":0,"parent":0,"menu_order":0,"comment_status":"closed","ping_status":"closed","template":"","meta":{"advanced_seo_description":"","jetpack_seo_html_title":"","jetpack_seo_noindex":false,"footnotes":""},"class_list":["post-16","page","type-page","status-publish","hentry"],"jetpack_sharing_enabled":true,"_links":{"self":[{"href":"https:\/\/www.ucs.br\/ips\/index.php?rest_route=\/wp\/v2\/pages\/16","targetHints":{"allow":["GET"]}}],"collection":[{"href":"https:\/\/www.ucs.br\/ips\/index.php?rest_route=\/wp\/v2\/pages"}],"about":[{"href":"https:\/\/www.ucs.br\/ips\/index.php?rest_route=\/wp\/v2\/types\/page"}],"author":[{"embeddable":true,"href":"https:\/\/www.ucs.br\/ips\/index.php?rest_route=\/wp\/v2\/users\/1"}],"replies":[{"embeddable":true,"href":"https:\/\/www.ucs.br\/ips\/index.php?rest_route=%2Fwp%2Fv2%2Fcomments&post=16"}],"version-history":[{"count":75,"href":"https:\/\/www.ucs.br\/ips\/index.php?rest_route=\/wp\/v2\/pages\/16\/revisions"}],"predecessor-version":[{"id":1917,"href":"https:\/\/www.ucs.br\/ips\/index.php?rest_route=\/wp\/v2\/pages\/16\/revisions\/1917"}],"wp:attachment":[{"href":"https:\/\/www.ucs.br\/ips\/index.php?rest_route=%2Fwp%2Fv2%2Fmedia&parent=16"}],"curies":[{"name":"wp","href":"https:\/\/api.w.org\/{rel}","templated":true}]}}