{"id":328,"date":"2020-10-06T13:56:20","date_gmt":"2020-10-06T16:56:20","guid":{"rendered":"https:\/\/www.ucs.br\/ips2\/?page_id=328"},"modified":"2025-06-02T09:29:20","modified_gmt":"2025-06-02T12:29:20","slug":"redcap","status":"publish","type":"page","link":"https:\/\/www.ucs.br\/ips\/?page_id=328","title":{"rendered":"REDCap"},"content":{"rendered":"\n<p>O Instituto de Pesquisas em Sa\u00fade (IPS), com o apoio da \u00c1rea de Conhecimento de Ci\u00eancias da Vida (VIDA) e por interm\u00e9dio da Ger\u00eancia de Tecnologia da Informa\u00e7\u00e3o (GTI) da Universidade de Caxias do Sul (UCS), coloca \u00e0 disposi\u00e7\u00e3o de sua comunidade acad\u00eamica a plataforma REDCap (<em>Research Electronic Data Capture<\/em>), para coleta, gerenciamento e dissemina\u00e7\u00e3o de dados de pesquisa.<\/p>\n\n\n<div class=\"wp-block-image is-style-default\">\n<figure class=\"aligncenter size-large\"><a href=\"https:\/\/projectredcap.org\/\" target=\"_blank\" rel=\"noreferrer noopener\"><img data-recalc-dims=\"1\" fetchpriority=\"high\" decoding=\"async\" width=\"410\" height=\"143\" src=\"https:\/\/i0.wp.com\/www.ucs.br\/ips2\/wp-content\/uploads\/2020\/10\/REDCap_logo.png?resize=410%2C143&#038;ssl=1\" alt=\"\" class=\"wp-image-330\" srcset=\"https:\/\/i0.wp.com\/www.ucs.br\/ips\/wp-content\/uploads\/2020\/10\/REDCap_logo.png?w=410&amp;ssl=1 410w, https:\/\/i0.wp.com\/www.ucs.br\/ips\/wp-content\/uploads\/2020\/10\/REDCap_logo.png?resize=300%2C105&amp;ssl=1 300w\" sizes=\"(max-width: 410px) 100vw, 410px\" \/><\/a><\/figure>\n<\/div>\n\n\n<p>REDCap foi criado em 2004 por pesquisadores da Vanderbilt University (Tennessee, Estados Unidos). Conta com o suporte financeiro do <em>National Institute of Health<\/em> (NIH), e tem apoio t\u00e9cnico-cient\u00edfico do REDCap Consortium, constitu\u00eddo por mais de 6.000 institui\u00e7\u00f5es em 150 pa\u00edses.<\/p>\n\n\n\n<p>Com o REDCap, os pesquisadores podem criar formul\u00e1rios eletr\u00f4nicos de coleta de dados personalizados para suas pesquisas, facilitando a coleta de informa\u00e7\u00f5es em tempo real, com alta qualidade e de maneira segura. A plataforma tamb\u00e9m oferece ferramentas de valida\u00e7\u00e3o de dados, para garantir a integridade das informa\u00e7\u00f5es coletadas, e recursos para monitoramento do progresso da pesquisa em tempo real.<\/p>\n\n\n\n<p>O REDCap \u00e9 uma ferramenta flex\u00edvel e personaliz\u00e1vel, que pode ser adaptada para atender \u00e0s necessidades espec\u00edficas de cada pesquisa. Al\u00e9m disso, o sistema \u00e9 f\u00e1cil de usar e n\u00e3o requer conhecimentos avan\u00e7ados em programa\u00e7\u00e3o ou inform\u00e1tica.<\/p>\n\n\n\n<p>A disponibiliza\u00e7\u00e3o do REDCap para a comunidade acad\u00eamica \u00e9 uma iniciativa do Instituto de Pesquisas em Sa\u00fade (IPS) para incentivar a produ\u00e7\u00e3o de pesquisas de alta qualidade na \u00e1rea da sa\u00fade. Acreditamos que o uso desta ferramenta pode aumentar a efici\u00eancia das pesquisas, reduzir erros de coleta de dados e melhorar a qualidade dos resultados.<\/p>\n\n\n\n<h4 class=\"wp-block-heading\">Requisitos para utiliza\u00e7\u00e3o do REDCap UCS<\/h4>\n\n\n\n<ul class=\"wp-block-list\">\n<li>O&nbsp;REDCap-UCS destina-se apenas aos projetos de pesquisa da UCS ou estudos multic\u00eantricos que tenham a UCS como centro respons\u00e1vel\/coordenador da pesquisa.<\/li>\n\n\n\n<li>Todos os projetos de pesquisas que envolvam seres humanos dever\u00e3o ter sido aprovados pela&nbsp;<a rel=\"noreferrer noopener\" href=\"https:\/\/www.ucs.br\/site\/pesquisa-inovacao-e-desenvolvimento-tecnologico\/comites-e-comissoes\/comite-de-etica-em-pesquisa\/\" target=\"_blank\">Comiss\u00e3o de \u00c9tica em Pesquisa da Universidade de Caxias do Sul (CEP-UCS)<\/a>&nbsp;antes que a coleta de dados seja iniciada.<\/li>\n\n\n\n<li>Todos os usu\u00e1rios do&nbsp;REDCap&nbsp;devem possuir e-mails com extens\u00e3o @ucs.br.<\/li>\n\n\n\n<li>Nenhum usu\u00e1rio est\u00e1 autorizado a compartilhar suas credenciais de acesso ao sistema (nome de usu\u00e1rio e senha) com outras pessoas, mesmo que sejam colaboradores do seu projeto. A conta de acesso ao&nbsp;REDCap&nbsp;\u00e9 de uso \u00fanico e intransfer\u00edvel e a Institui\u00e7\u00e3o n\u00e3o se responsabiliza por problemas causados pelo uso indevido.<\/li>\n\n\n\n<li>O projeto de pesquisa e suas publica\u00e7\u00f5es devem referenciar o&nbsp;REDCap&nbsp;conforme descrito na p\u00e1gina da web do&nbsp;<a rel=\"noreferrer noopener\" href=\"https:\/\/projectredcap.org\/resources\/citations\/\" target=\"_blank\">Project&nbsp;REDCap<\/a>.<\/li>\n<\/ul>\n\n\n\n<p>Atualmente, a UCS n\u00e3o oferece treinamento para a utiliza\u00e7\u00e3o do\u00a0REDCap. A Universidade de Vanderbilt oferece uma s\u00e9rie de\u00a0<a rel=\"noreferrer noopener\" href=\"https:\/\/projectredcap.org\/resources\/videos\/\" target=\"_blank\">v\u00eddeos e tutoriais gratuitos sobre o\u00a0REDCap<\/a>. Alternativamente, o\u00a0<a rel=\"noreferrer noopener\" href=\"https:\/\/www.redcapbrasil.com.br\/\" target=\"_blank\">Cons\u00f3rcio\u00a0REDCap\u00a0Brasil<\/a>\u00a0oferece cursos para o Gerenciamento de Dados em Pesquisa Cient\u00edfica utilizando o\u00a0REDCap\u00a0(N\u00edvel b\u00e1sico, intermedi\u00e1rio e avan\u00e7ado).<\/p>\n\n\n\n<p>Para obter informa\u00e7\u00f5es adicionais entre em contato atrav\u00e9s do e-mail <a href=\"mailto:redcap@ucs.br\">redcap@ucs.br<\/a>.<\/p>\n","protected":false},"excerpt":{"rendered":"<p>O Instituto de Pesquisas em Sa\u00fade (IPS), com o apoio da \u00c1rea de Conhecimento de Ci\u00eancias da Vida (VIDA) e por interm\u00e9dio da Ger\u00eancia de&hellip;<\/p>\n","protected":false},"author":1,"featured_media":0,"parent":0,"menu_order":0,"comment_status":"closed","ping_status":"closed","template":"","meta":{"advanced_seo_description":"","jetpack_seo_html_title":"","jetpack_seo_noindex":false,"footnotes":""},"class_list":["post-328","page","type-page","status-publish","hentry"],"jetpack_sharing_enabled":true,"_links":{"self":[{"href":"https:\/\/www.ucs.br\/ips\/index.php?rest_route=\/wp\/v2\/pages\/328","targetHints":{"allow":["GET"]}}],"collection":[{"href":"https:\/\/www.ucs.br\/ips\/index.php?rest_route=\/wp\/v2\/pages"}],"about":[{"href":"https:\/\/www.ucs.br\/ips\/index.php?rest_route=\/wp\/v2\/types\/page"}],"author":[{"embeddable":true,"href":"https:\/\/www.ucs.br\/ips\/index.php?rest_route=\/wp\/v2\/users\/1"}],"replies":[{"embeddable":true,"href":"https:\/\/www.ucs.br\/ips\/index.php?rest_route=%2Fwp%2Fv2%2Fcomments&post=328"}],"version-history":[{"count":13,"href":"https:\/\/www.ucs.br\/ips\/index.php?rest_route=\/wp\/v2\/pages\/328\/revisions"}],"predecessor-version":[{"id":1158,"href":"https:\/\/www.ucs.br\/ips\/index.php?rest_route=\/wp\/v2\/pages\/328\/revisions\/1158"}],"wp:attachment":[{"href":"https:\/\/www.ucs.br\/ips\/index.php?rest_route=%2Fwp%2Fv2%2Fmedia&parent=328"}],"curies":[{"name":"wp","href":"https:\/\/api.w.org\/{rel}","templated":true}]}}